{"id":874,"date":"2020-11-22T16:45:41","date_gmt":"2020-11-22T15:45:41","guid":{"rendered":"https:\/\/microgis.ch\/a-propos\/"},"modified":"2024-04-05T12:04:20","modified_gmt":"2024-04-05T10:04:20","slug":"a-propos","status":"publish","type":"page","link":"https:\/\/microgis.ch\/en\/a-propos\/","title":{"rendered":"\u00c0 propos"},"content":{"rendered":"\n<blockquote class=\"wp-block-quote is-layout-flow wp-block-quote-is-layout-flow\">\n<p>Depuis plus de 25 ans MICROGIS, soci\u00e9t\u00e9 suisse, accompagne ses clients priv\u00e9s comme institutionnels dans leurs d\u00e9fis sur le territoire. <\/p>\n<\/blockquote>\n\n<p>Nous proposons des \u00e9clairages factuels sur l&#8217;\u00e9tat et le fonctionnement de vos activit\u00e9s, nous apportons des solutions \u00e0 vos probl\u00e8mes de planification et nous vous conseillons pour la prise de d\u00e9cision face \u00e0 vos enjeux.<\/p>\n\n<p>Pour vous accompagner au plus pr\u00e8s de vos pr\u00e9occupations, MICROGIS con\u00e7oit des solutions sur mesure, et innove constamment par l&#8217;utilisation de nouvelles m\u00e9thodes d&#8217;analyse, de diagnostic, de prospective. <\/p>\n\n<h2 class=\"wp-block-heading\">Nos valeurs<\/h2>\n\n<p>Nous cultivons le d\u00e9fi de concevoir des solutions en observant une rigueur d&#8217;analyse et une honn\u00eatet\u00e9 d&#8217;interpr\u00e9tation.<\/p>\n\n<p>Nous mettons un point d&#8217;honneur \u00e0 d\u00e9velopper nos propres outils d&#8217;analyse et de communication au client pour les calquer aux m\u00e9thodes adopt\u00e9es.<\/p>\n\n<h2 class=\"wp-block-heading\">Notre philosophie en mati\u00e8re de donn\u00e9es<\/h2>\n\n<p>Nous travaillons uniquement sur la base de donn\u00e9es propres, c\u2019est \u00e0 dire officielles, anonymis\u00e9es et sans atteinte \u00e0 la sph\u00e8re priv\u00e9e des individus.<\/p>\n\n<p>Nous tenons nos donn\u00e9es \u00e0 jour tout en consid\u00e9rant que la statistique par nature nous impose un temps de retard.<\/p>\n\n<p>Nous consolidons nos donn\u00e9es et en v\u00e9rifions la plausibilit\u00e9 dans le but de vous garantir une information de qualit\u00e9 et comparable dans le temps.<\/p>\n\n<p>Finalement, nous vous assurons une transparence totale quant aux sources et aux ann\u00e9es de r\u00e9f\u00e9rence des donn\u00e9es que nous utilisons et vous fournissons.<\/p>\n\n<div class=\"wp-block-microgis-team-block team-container team-wrapper\"><h2>L&#8217;\u00e9quipe<\/h2><div class=\"team-wrapper\">\n<div class=\"wp-block-microgis-team-block-item team-item\"><div class=\"inner\"><div class=\"img-wrapper\"><img decoding=\"async\" src=\"https:\/\/microgis.ch\/wp-content\/uploads\/2021\/06\/MGAPO-360x360.jpg\" srcset=\"https:\/\/microgis.ch\/wp-content\/uploads\/2021\/06\/MGAPO-360x360.jpg 1x, https:\/\/microgis.ch\/wp-content\/uploads\/2021\/06\/MGAPO-720x720.jpg 2x\" alt=\"Abram Pointet\"\/><img decoding=\"async\" src=\"https:\/\/microgis.ch\/wp-content\/uploads\/2021\/06\/MGAPOMAP2-360x360.jpg\" srcset=\"https:\/\/microgis.ch\/wp-content\/uploads\/2021\/06\/MGAPOMAP2-360x360.jpg 1x, https:\/\/microgis.ch\/wp-content\/uploads\/2021\/06\/MGAPOMAP2-720x720.jpg 2x\" alt=\"Abram Pointet\"\/><\/div><div class=\"content\"><h3>Abram Pointet<\/h3><p class=\"fonctions\"><span class=\"fonction\">Directeur<\/span><\/p><\/div><\/div><\/div>\n\n\n\n<div class=\"wp-block-microgis-team-block-item team-item\"><div class=\"inner\"><div class=\"img-wrapper\"><img decoding=\"async\" src=\"https:\/\/microgis.ch\/wp-content\/uploads\/2021\/06\/MGJCH-360x360.jpg\" srcset=\"https:\/\/microgis.ch\/wp-content\/uploads\/2021\/06\/MGJCH-360x360.jpg 1x, https:\/\/microgis.ch\/wp-content\/uploads\/2021\/06\/MGJCH-720x720.jpg 2x\" alt=\"Jo\u00ebl Ch\u00e9telat\"\/><img decoding=\"async\" src=\"https:\/\/microgis.ch\/wp-content\/uploads\/2021\/06\/MGJCHMAP-360x360.png\" srcset=\"https:\/\/microgis.ch\/wp-content\/uploads\/2021\/06\/MGJCHMAP-360x360.png 1x, https:\/\/microgis.ch\/wp-content\/uploads\/2021\/06\/MGJCHMAP-720x720.png 2x\" alt=\"Jo\u00ebl Ch\u00e9telat\"\/><\/div><div class=\"content\"><h3>Jo\u00ebl Ch\u00e9telat<\/h3><p class=\"fonctions\"><span class=\"fonction\">Membre de la direction<br>Chef de projet<\/span><\/p><\/div><\/div><\/div>\n\n\n\n<div class=\"wp-block-microgis-team-block-item team-item\"><div class=\"inner\"><div class=\"img-wrapper\"><img decoding=\"async\" src=\"https:\/\/microgis.ch\/wp-content\/uploads\/2021\/06\/MGLFR-360x360.jpg\" srcset=\"https:\/\/microgis.ch\/wp-content\/uploads\/2021\/06\/MGLFR-360x360.jpg 1x, https:\/\/microgis.ch\/wp-content\/uploads\/2021\/06\/MGLFR-720x720.jpg 2x\" alt=\"Lena Fragni\u00e8re \"\/><img decoding=\"async\" src=\"https:\/\/microgis.ch\/wp-content\/uploads\/2021\/06\/MGLFRMAP-360x360.jpg\" srcset=\"https:\/\/microgis.ch\/wp-content\/uploads\/2021\/06\/MGLFRMAP-360x360.jpg 1x, https:\/\/microgis.ch\/wp-content\/uploads\/2021\/06\/MGLFRMAP-720x720.jpg 2x\" alt=\"Lena Fragni\u00e8re \"\/><\/div><div class=\"content\"><h3>Lena Fragni\u00e8re <\/h3><p class=\"fonctions\"><span class=\"fonction\">Collaboratrice administrative et financi\u00e8re<\/span><\/p><\/div><\/div><\/div>\n\n\n\n<div class=\"wp-block-microgis-team-block-item team-item\"><div class=\"inner\"><div class=\"img-wrapper\"><img decoding=\"async\" src=\"https:\/\/microgis.ch\/wp-content\/uploads\/2021\/06\/MGBLB-360x360.jpg\" srcset=\"https:\/\/microgis.ch\/wp-content\/uploads\/2021\/06\/MGBLB-360x360.jpg 1x, https:\/\/microgis.ch\/wp-content\/uploads\/2021\/06\/MGBLB-720x720.jpg 2x\" alt=\"Benoit Le Bocey\"\/><img decoding=\"async\" src=\"https:\/\/microgis.ch\/wp-content\/uploads\/2021\/06\/MGBLBMAP-360x360.jpg\" srcset=\"https:\/\/microgis.ch\/wp-content\/uploads\/2021\/06\/MGBLBMAP-360x360.jpg 1x, https:\/\/microgis.ch\/wp-content\/uploads\/2021\/06\/MGBLBMAP-720x720.jpg 2x\" alt=\"Benoit Le Bocey\"\/><\/div><div class=\"content\"><h3>Benoit Le Bocey<\/h3><p class=\"fonctions\"><span class=\"fonction\">Chef de projet<\/span><\/p><\/div><\/div><\/div>\n\n\n\n<div class=\"wp-block-microgis-team-block-item team-item\"><div class=\"inner\"><div class=\"img-wrapper\"><img decoding=\"async\" src=\"https:\/\/microgis.ch\/wp-content\/uploads\/2021\/06\/MGSGA-360x360.jpg\" srcset=\"https:\/\/microgis.ch\/wp-content\/uploads\/2021\/06\/MGSGA-360x360.jpg 1x, https:\/\/microgis.ch\/wp-content\/uploads\/2021\/06\/MGSGA-720x720.jpg 2x\" alt=\"Solange Gaillard\"\/><img decoding=\"async\" src=\"https:\/\/microgis.ch\/wp-content\/uploads\/2021\/06\/MGSGAMAP-360x360.jpg\" srcset=\"https:\/\/microgis.ch\/wp-content\/uploads\/2021\/06\/MGSGAMAP-360x360.jpg 1x, https:\/\/microgis.ch\/wp-content\/uploads\/2021\/06\/MGSGAMAP-720x720.jpg 2x\" alt=\"Solange Gaillard\"\/><\/div><div class=\"content\"><h3>Solange Gaillard<\/h3><p class=\"fonctions\"><span class=\"fonction\">Collaboratrice scientifique<\/span><\/p><\/div><\/div><\/div>\n\n\n\n<div class=\"wp-block-microgis-team-block-item team-item\"><div class=\"inner\"><div class=\"img-wrapper\"><img decoding=\"async\" src=\"https:\/\/microgis.ch\/wp-content\/uploads\/2022\/06\/MGKGR2-360x360.jpg\" srcset=\"https:\/\/microgis.ch\/wp-content\/uploads\/2022\/06\/MGKGR2-360x360.jpg 1x, https:\/\/microgis.ch\/wp-content\/uploads\/2022\/06\/MGKGR2-720x720.jpg 2x\" alt=\"Kerria Grize\"\/><img decoding=\"async\" src=\"https:\/\/microgis.ch\/wp-content\/uploads\/2022\/04\/CAKGR-360x360.jpg\" srcset=\"https:\/\/microgis.ch\/wp-content\/uploads\/2022\/04\/CAKGR-360x360.jpg 1x, https:\/\/microgis.ch\/wp-content\/uploads\/2022\/04\/CAKGR-720x720.jpg 2x\" alt=\"Kerria Grize\"\/><\/div><div class=\"content\"><h3>Kerria Grize<\/h3><p class=\"fonctions\"><span class=\"fonction\">Collaboratrice scientifique<\/span><\/p><\/div><\/div><\/div>\n\n\n\n<div class=\"wp-block-microgis-team-block-item team-item\"><div class=\"inner\"><div class=\"img-wrapper\"><img decoding=\"async\" src=\"https:\/\/microgis.ch\/wp-content\/uploads\/2024\/04\/CWI_photo-360x360.jpg\" srcset=\"https:\/\/microgis.ch\/wp-content\/uploads\/2024\/04\/CWI_photo-360x360.jpg 1x, https:\/\/microgis.ch\/wp-content\/uploads\/2024\/04\/CWI_photo-720x720.jpg 2x\" alt=\"Christopher Willcocks\"\/><img decoding=\"async\" src=\"https:\/\/microgis.ch\/wp-content\/uploads\/2024\/04\/CWI_Carte_SiteMicrogis-360x360.png\" srcset=\"https:\/\/microgis.ch\/wp-content\/uploads\/2024\/04\/CWI_Carte_SiteMicrogis-360x360.png 1x, https:\/\/microgis.ch\/wp-content\/uploads\/2024\/04\/CWI_Carte_SiteMicrogis-720x720.png 2x\" alt=\"Christopher Willcocks\"\/><\/div><div class=\"content\"><h3>Christopher Willcocks<\/h3><p class=\"fonctions\"><span class=\"fonction\">Collaborateur scientifique<\/span><\/p><\/div><\/div><\/div>\n\n\n\n<div class=\"wp-block-microgis-team-block-item team-item\"><div class=\"inner\"><div class=\"img-wrapper\"><img decoding=\"async\" src=\"https:\/\/microgis.ch\/wp-content\/uploads\/2021\/06\/MGMSC-360x360.jpg\" srcset=\"https:\/\/microgis.ch\/wp-content\/uploads\/2021\/06\/MGMSC-360x360.jpg 1x, https:\/\/microgis.ch\/wp-content\/uploads\/2021\/06\/MGMSC-720x720.jpg 2x\" alt=\"Martin Schuler\"\/><img decoding=\"async\" src=\"https:\/\/microgis.ch\/wp-content\/uploads\/2021\/06\/MGMSCMAP-360x360.jpg\" srcset=\"https:\/\/microgis.ch\/wp-content\/uploads\/2021\/06\/MGMSCMAP-360x360.jpg 1x, https:\/\/microgis.ch\/wp-content\/uploads\/2021\/06\/MGMSCMAP-720x720.jpg 2x\" alt=\"Martin Schuler\"\/><\/div><div class=\"content\"><h3>Martin Schuler<\/h3><p class=\"fonctions\"><span class=\"fonction\">Conseiller scientifique<\/span><\/p><\/div><\/div><\/div>\n<\/div><\/div>\n\n<h2 class=\"wp-block-heading\">Une \u00e9volution constante de nos prestations<\/h2>\n\n<p>La soci\u00e9t\u00e9 MICROGIS a \u00e9t\u00e9 cr\u00e9\u00e9e en janvier 1996 par quatre g\u00e9ographes dont l\u2019id\u00e9e \u00e9tait de mettre leurs comp\u00e9tences d&#8217;analyse spatiale et de repr\u00e9sentation cartographique au service de l&#8217;\u00e9conomie priv\u00e9e et des collectivit\u00e9s publiques. Depuis la soci\u00e9t\u00e9 n&#8217;a cess\u00e9 d&#8217;innover.<\/p>\n\n<div class=\"wp-block-microgis-dates-block swiper-container dates-gallery\"><div class=\"swiper-wrapper\">\n<div class=\"wp-block-microgis-dates-block-item swiper-slide\"><div class=\"dates-year\">2020<\/div><div class=\"dates-description\">MICROGIS renforce ses prestations par la conception et le conseil en mati\u00e8re de <strong>StoryMapping<\/strong><\/div><\/div>\n\n\n\n<div class=\"wp-block-microgis-dates-block-item swiper-slide\"><div class=\"dates-year\">2018<\/div><div class=\"dates-description\">MICROGIS  \u00e9tend ses comp\u00e9tences de planification pour l&#8217;<strong>accueil de jour<\/strong> des enfants<\/div><\/div>\n\n\n\n<div class=\"wp-block-microgis-dates-block-item swiper-slide\"><div class=\"dates-year\">2014<\/div><div class=\"dates-description\">MICROGIS renforce ses prestations \u00e0 destination des collectivit\u00e9s publiques avec la planification des horaires de <strong>transports scolaires<\/strong><\/div><\/div>\n\n\n\n<div class=\"wp-block-microgis-dates-block-item swiper-slide\"><div class=\"dates-year\">2013<\/div><div class=\"dates-description\">MICROGIS  compl\u00e8te sa gamme de niveaux g\u00e9ographiques destin\u00e9s aux \u00e9tudes de march\u00e9 par trois nouveaux d\u00e9coupages du territoire : <strong>Market Districts, Living Areas &amp; Cultural Regions <\/strong><\/div><\/div>\n\n\n\n<div class=\"wp-block-microgis-dates-block-item swiper-slide\"><div class=\"dates-year\">2011<\/div><div class=\"dates-description\">MICROGIS lance sa plateforme de services en g\u00e9omarketing en ligne <strong>DataStudio\u2122<\/strong> <\/div><\/div>\n\n\n\n<div class=\"wp-block-microgis-dates-block-item swiper-slide\"><div class=\"dates-year\">2010<\/div><div class=\"dates-description\">Conception d&#8217;un nouveau niveau g\u00e9ographique \u00e0 l&#8217;\u00e9chelle des blocs urbains : <strong>Swiss Neighborhoods<\/strong> pour plus de d\u00e9tail dans les analyses<\/div><\/div>\n\n\n\n<div class=\"wp-block-microgis-dates-block-item swiper-slide\"><div class=\"dates-year\">2009<\/div><div class=\"dates-description\">Ajout de donn\u00e9es sur le <strong>pouvoir d&#8217;achat<\/strong> \u00e0 la gamme ZipCodes+\u2122<\/div><\/div>\n\n\n\n<div class=\"wp-block-microgis-dates-block-item swiper-slide\"><div class=\"dates-year\">2008<\/div><div class=\"dates-description\">La gamme de donn\u00e9es MicroPost devient <strong>ZipCodes+\u2122<\/strong><\/div><\/div>\n\n\n\n<div class=\"wp-block-microgis-dates-block-item swiper-slide\"><div class=\"dates-year\">2006<\/div><div class=\"dates-description\">MICROGIS ouvre un nouveau champ de comp\u00e9tences dans la planification strat\u00e9gique d&#8217;infrastructures et de transports scolaires<\/div><\/div>\n\n\n\n<div class=\"wp-block-microgis-dates-block-item swiper-slide\"><div class=\"dates-year\">2004<\/div><div class=\"dates-description\">Premi\u00e8res \u00e9tudes en planification territoriale<\/div><\/div>\n\n\n\n<div class=\"wp-block-microgis-dates-block-item swiper-slide\"><div class=\"dates-year\">2003<\/div><div class=\"dates-description\">Premi\u00e8res \u00e9tudes en <strong>d\u00e9mographie <\/strong>et <strong>projections <\/strong>de population \u00e0 l&#8217;\u00e9chelle locale<\/div><\/div>\n\n\n\n<div class=\"wp-block-microgis-dates-block-item swiper-slide\"><div class=\"dates-year\">2001<\/div><div class=\"dates-description\">Premi\u00e8re r\u00e9alisation en <strong>cartographie interactive<\/strong> sur Internet<\/div><\/div>\n\n\n\n<div class=\"wp-block-microgis-dates-block-item swiper-slide\"><div class=\"dates-year\">2000<\/div><div class=\"dates-description\">MICROGIS lance la gamme de donn\u00e9es <strong>MicroPost <\/strong>sur la base des NPA de Suisse<\/div><\/div>\n\n\n\n<div class=\"wp-block-microgis-dates-block-item swiper-slide\"><div class=\"dates-year\">1999<\/div><div class=\"dates-description\">MICROGIS devient une <strong>soci\u00e9t\u00e9 anonyme<\/strong><\/div><\/div>\n\n\n\n<div class=\"wp-block-microgis-dates-block-item swiper-slide\"><div class=\"dates-year\">1998<\/div><div class=\"dates-description\">Partenariat avec le journal Le Temps pour la <strong>cartographie \u00e9lectorale<\/strong><\/div><\/div>\n\n\n\n<div class=\"wp-block-microgis-dates-block-item swiper-slide\"><div class=\"dates-year\">1996<\/div><div class=\"dates-description\">Partenariat avec l&#8217;<strong>office f\u00e9d\u00e9ral de la statistique<\/strong> pour la revente de donn\u00e9es statistiques spatialis\u00e9es<\/div><\/div>\n\n\n\n<div class=\"wp-block-microgis-dates-block-item swiper-slide\"><div class=\"dates-year\">1996<\/div><div class=\"dates-description\">Cr\u00e9ation de <strong>MICROGIS S\u00e0rl<\/strong> \u00e0 Yverdon-les-Bains<\/div><\/div>\n<\/div><div class=\"button-prev\"><svg xmlns=\"http:\/\/www.w3.org\/2000\/svg\" viewBox=\"0 0 14.5 26.2\"><path d=\"M13.8.7L1.4 13.1l12.4 12.4\" fill=\"none\" stroke=\" #585858\" stroke-width=\"1\"><\/path><\/svg><\/div><div class=\"button-next\"><svg xmlns=\"http:\/\/www.w3.org\/2000\/svg\" viewBox=\"0 0 14.5 26.2\"><path d=\"M.7 25.5l12.4-12.4L.7.7\" fill=\"none\" stroke=\" #585858\" stroke-width=\"1\"><\/path><\/svg><\/div><\/div>\n\n<p>  <\/p>\n\n<h2 class=\"wp-block-heading\">Quelques jalons de l&#8217;identit\u00e9 visuelle<\/h2>\n\n<div class=\"wp-block-microgis-dates-block swiper-container dates-gallery\"><div class=\"swiper-wrapper\">\n<div class=\"wp-block-microgis-dates-block-item swiper-slide\"><div class=\"dates-year\">2021<\/div><div class=\"dates-description\"><img loading=\"lazy\" decoding=\"async\" width=\"150\" height=\"150\" class=\"wp-image-164\" style=\"width: 150px;\" src=\"https:\/\/microgis.ch\/wp-content\/uploads\/2020\/12\/logo2021-1.png\" alt=\"Logo MICROGIS 2021\" srcset=\"https:\/\/microgis.ch\/wp-content\/uploads\/2020\/12\/logo2021-1.png 150w, https:\/\/microgis.ch\/wp-content\/uploads\/2020\/12\/logo2021-1-300x300.png 300w, https:\/\/microgis.ch\/wp-content\/uploads\/2020\/12\/logo2021-1-1024x1024.png 1024w, https:\/\/microgis.ch\/wp-content\/uploads\/2020\/12\/logo2021-1-1536x1536.png 1536w, https:\/\/microgis.ch\/wp-content\/uploads\/2020\/12\/logo2021-1-2048x2048.png 2048w, https:\/\/microgis.ch\/wp-content\/uploads\/2020\/12\/logo2021-1-360x360.png 360w, https:\/\/microgis.ch\/wp-content\/uploads\/2020\/12\/logo2021-1-720x720.png 720w\" sizes=\"auto, (max-width: 150px) 100vw, 150px\" \/><\/div><\/div>\n\n\n\n<div class=\"wp-block-microgis-dates-block-item swiper-slide\"><div class=\"dates-year\">2009<\/div><div class=\"dates-description\"><img loading=\"lazy\" decoding=\"async\" width=\"150\" height=\"150\" class=\"wp-image-162\" style=\"width: 150px;\" src=\"https:\/\/microgis.ch\/wp-content\/uploads\/2020\/12\/logo2009-1.png\" alt=\"Logo MICROGIS 2009\" srcset=\"https:\/\/microgis.ch\/wp-content\/uploads\/2020\/12\/logo2009-1.png 150w, https:\/\/microgis.ch\/wp-content\/uploads\/2020\/12\/logo2009-1-300x300.png 300w, https:\/\/microgis.ch\/wp-content\/uploads\/2020\/12\/logo2009-1-1024x1024.png 1024w, https:\/\/microgis.ch\/wp-content\/uploads\/2020\/12\/logo2009-1-1536x1536.png 1536w, https:\/\/microgis.ch\/wp-content\/uploads\/2020\/12\/logo2009-1-2048x2048.png 2048w, https:\/\/microgis.ch\/wp-content\/uploads\/2020\/12\/logo2009-1-360x360.png 360w, https:\/\/microgis.ch\/wp-content\/uploads\/2020\/12\/logo2009-1-720x720.png 720w\" sizes=\"auto, (max-width: 150px) 100vw, 150px\" \/><\/div><\/div>\n\n\n\n<div class=\"wp-block-microgis-dates-block-item swiper-slide\"><div class=\"dates-year\">1996<\/div><div class=\"dates-description\"><img loading=\"lazy\" decoding=\"async\" width=\"150\" height=\"144\" class=\"wp-image-160\" style=\"width: 150px;\" src=\"https:\/\/microgis.ch\/wp-content\/uploads\/2020\/12\/logo1996-1.png\" alt=\"Logo MICROGIS 1996\" srcset=\"https:\/\/microgis.ch\/wp-content\/uploads\/2020\/12\/logo1996-1.png 150w, https:\/\/microgis.ch\/wp-content\/uploads\/2020\/12\/logo1996-1-300x288.png 300w, https:\/\/microgis.ch\/wp-content\/uploads\/2020\/12\/logo1996-1-1024x983.png 1024w, https:\/\/microgis.ch\/wp-content\/uploads\/2020\/12\/logo1996-1-1536x1474.png 1536w, https:\/\/microgis.ch\/wp-content\/uploads\/2020\/12\/logo1996-1-2048x1966.png 2048w\" sizes=\"auto, (max-width: 150px) 100vw, 150px\" \/><\/div><\/div>\n<\/div><div class=\"button-prev\"><svg xmlns=\"http:\/\/www.w3.org\/2000\/svg\" viewBox=\"0 0 14.5 26.2\"><path d=\"M13.8.7L1.4 13.1l12.4 12.4\" fill=\"none\" stroke=\" #585858\" stroke-width=\"1\"><\/path><\/svg><\/div><div class=\"button-next\"><svg xmlns=\"http:\/\/www.w3.org\/2000\/svg\" viewBox=\"0 0 14.5 26.2\"><path d=\"M.7 25.5l12.4-12.4L.7.7\" fill=\"none\" stroke=\" #585858\" stroke-width=\"1\"><\/path><\/svg><\/div><\/div>\n","protected":false},"excerpt":{"rendered":"<p>Depuis plus de 25 ans MICROGIS, soci\u00e9t\u00e9 suisse, accompagne ses clients priv\u00e9s comme institutionnels dans leurs d\u00e9fis sur le territoire. Nous proposons des \u00e9clairages factuels sur l&#8217;\u00e9tat et le fonctionnement de vos activit\u00e9s, nous apportons des solutions \u00e0 vos probl\u00e8mes de planification et nous vous conseillons pour la prise de d\u00e9cision face \u00e0 vos enjeux. [&hellip;]<\/p>\n","protected":false},"author":1,"featured_media":0,"parent":0,"menu_order":0,"comment_status":"closed","ping_status":"closed","template":"","meta":{"_acf_changed":false,"footnotes":""},"class_list":["post-874","page","type-page","status-publish","hentry"],"acf":[],"yoast_head":"<!-- This site is optimized with the Yoast SEO plugin v27.3 - https:\/\/yoast.com\/product\/yoast-seo-wordpress\/ -->\n<title>\u00c0 propos - Microgis<\/title>\n<meta name=\"robots\" content=\"index, follow, max-snippet:-1, max-image-preview:large, max-video-preview:-1\" \/>\n<link rel=\"canonical\" href=\"https:\/\/microgis.ch\/a-propos\/\" \/>\n<meta property=\"og:locale\" content=\"en_US\" \/>\n<meta property=\"og:type\" content=\"article\" \/>\n<meta property=\"og:title\" content=\"\u00c0 propos - Microgis\" \/>\n<meta property=\"og:description\" content=\"Depuis plus de 25 ans MICROGIS, soci\u00e9t\u00e9 suisse, accompagne ses clients priv\u00e9s comme institutionnels dans leurs d\u00e9fis sur le territoire. Nous proposons des \u00e9clairages factuels sur l&#8217;\u00e9tat et le fonctionnement de vos activit\u00e9s, nous apportons des solutions \u00e0 vos probl\u00e8mes de planification et nous vous conseillons pour la prise de d\u00e9cision face \u00e0 vos enjeux. [&hellip;]\" \/>\n<meta property=\"og:url\" content=\"https:\/\/microgis.ch\/a-propos\/\" \/>\n<meta property=\"og:site_name\" content=\"Microgis\" \/>\n<meta property=\"article:modified_time\" content=\"2024-04-05T10:04:20+00:00\" \/>\n<meta property=\"og:image\" content=\"https:\/\/microgis.ch\/wp-content\/uploads\/2021\/06\/MGAPO-360x360.jpg\" \/>\n<meta name=\"twitter:card\" content=\"summary_large_image\" \/>\n<meta name=\"twitter:label1\" content=\"Est. reading time\" \/>\n\t<meta name=\"twitter:data1\" content=\"6 minutes\" \/>\n<script type=\"application\/ld+json\" class=\"yoast-schema-graph\">{\"@context\":\"https:\\\/\\\/schema.org\",\"@graph\":[{\"@type\":\"WebPage\",\"@id\":\"https:\\\/\\\/microgis.ch\\\/a-propos\\\/\",\"url\":\"https:\\\/\\\/microgis.ch\\\/a-propos\\\/\",\"name\":\"\u00c0 propos - Microgis\",\"isPartOf\":{\"@id\":\"https:\\\/\\\/microgis.ch\\\/#website\"},\"primaryImageOfPage\":{\"@id\":\"https:\\\/\\\/microgis.ch\\\/a-propos\\\/#primaryimage\"},\"image\":{\"@id\":\"https:\\\/\\\/microgis.ch\\\/a-propos\\\/#primaryimage\"},\"thumbnailUrl\":\"https:\\\/\\\/microgis.ch\\\/wp-content\\\/uploads\\\/2021\\\/06\\\/MGAPO-360x360.jpg\",\"datePublished\":\"2020-11-22T15:45:41+00:00\",\"dateModified\":\"2024-04-05T10:04:20+00:00\",\"breadcrumb\":{\"@id\":\"https:\\\/\\\/microgis.ch\\\/a-propos\\\/#breadcrumb\"},\"inLanguage\":\"en-US\",\"potentialAction\":[{\"@type\":\"ReadAction\",\"target\":[\"https:\\\/\\\/microgis.ch\\\/a-propos\\\/\"]}]},{\"@type\":\"ImageObject\",\"inLanguage\":\"en-US\",\"@id\":\"https:\\\/\\\/microgis.ch\\\/a-propos\\\/#primaryimage\",\"url\":\"https:\\\/\\\/microgis.ch\\\/wp-content\\\/uploads\\\/2021\\\/06\\\/MGAPO-360x360.jpg\",\"contentUrl\":\"https:\\\/\\\/microgis.ch\\\/wp-content\\\/uploads\\\/2021\\\/06\\\/MGAPO-360x360.jpg\"},{\"@type\":\"BreadcrumbList\",\"@id\":\"https:\\\/\\\/microgis.ch\\\/a-propos\\\/#breadcrumb\",\"itemListElement\":[{\"@type\":\"ListItem\",\"position\":1,\"name\":\"Accueil\",\"item\":\"https:\\\/\\\/microgis.ch\\\/\"},{\"@type\":\"ListItem\",\"position\":2,\"name\":\"\u00c0 propos\"}]},{\"@type\":\"WebSite\",\"@id\":\"https:\\\/\\\/microgis.ch\\\/#website\",\"url\":\"https:\\\/\\\/microgis.ch\\\/\",\"name\":\"Microgis\",\"description\":\"Solutions sur mesure\",\"potentialAction\":[{\"@type\":\"SearchAction\",\"target\":{\"@type\":\"EntryPoint\",\"urlTemplate\":\"https:\\\/\\\/microgis.ch\\\/?s={search_term_string}\"},\"query-input\":{\"@type\":\"PropertyValueSpecification\",\"valueRequired\":true,\"valueName\":\"search_term_string\"}}],\"inLanguage\":\"en-US\"}]}<\/script>\n<!-- \/ Yoast SEO plugin. -->","yoast_head_json":{"title":"\u00c0 propos - Microgis","robots":{"index":"index","follow":"follow","max-snippet":"max-snippet:-1","max-image-preview":"max-image-preview:large","max-video-preview":"max-video-preview:-1"},"canonical":"https:\/\/microgis.ch\/a-propos\/","og_locale":"en_US","og_type":"article","og_title":"\u00c0 propos - Microgis","og_description":"Depuis plus de 25 ans MICROGIS, soci\u00e9t\u00e9 suisse, accompagne ses clients priv\u00e9s comme institutionnels dans leurs d\u00e9fis sur le territoire. Nous proposons des \u00e9clairages factuels sur l&#8217;\u00e9tat et le fonctionnement de vos activit\u00e9s, nous apportons des solutions \u00e0 vos probl\u00e8mes de planification et nous vous conseillons pour la prise de d\u00e9cision face \u00e0 vos enjeux. [&hellip;]","og_url":"https:\/\/microgis.ch\/a-propos\/","og_site_name":"Microgis","article_modified_time":"2024-04-05T10:04:20+00:00","og_image":[{"url":"https:\/\/microgis.ch\/wp-content\/uploads\/2021\/06\/MGAPO-360x360.jpg","type":"","width":"","height":""}],"twitter_card":"summary_large_image","twitter_misc":{"Est. reading time":"6 minutes"},"schema":{"@context":"https:\/\/schema.org","@graph":[{"@type":"WebPage","@id":"https:\/\/microgis.ch\/a-propos\/","url":"https:\/\/microgis.ch\/a-propos\/","name":"\u00c0 propos - Microgis","isPartOf":{"@id":"https:\/\/microgis.ch\/#website"},"primaryImageOfPage":{"@id":"https:\/\/microgis.ch\/a-propos\/#primaryimage"},"image":{"@id":"https:\/\/microgis.ch\/a-propos\/#primaryimage"},"thumbnailUrl":"https:\/\/microgis.ch\/wp-content\/uploads\/2021\/06\/MGAPO-360x360.jpg","datePublished":"2020-11-22T15:45:41+00:00","dateModified":"2024-04-05T10:04:20+00:00","breadcrumb":{"@id":"https:\/\/microgis.ch\/a-propos\/#breadcrumb"},"inLanguage":"en-US","potentialAction":[{"@type":"ReadAction","target":["https:\/\/microgis.ch\/a-propos\/"]}]},{"@type":"ImageObject","inLanguage":"en-US","@id":"https:\/\/microgis.ch\/a-propos\/#primaryimage","url":"https:\/\/microgis.ch\/wp-content\/uploads\/2021\/06\/MGAPO-360x360.jpg","contentUrl":"https:\/\/microgis.ch\/wp-content\/uploads\/2021\/06\/MGAPO-360x360.jpg"},{"@type":"BreadcrumbList","@id":"https:\/\/microgis.ch\/a-propos\/#breadcrumb","itemListElement":[{"@type":"ListItem","position":1,"name":"Accueil","item":"https:\/\/microgis.ch\/"},{"@type":"ListItem","position":2,"name":"\u00c0 propos"}]},{"@type":"WebSite","@id":"https:\/\/microgis.ch\/#website","url":"https:\/\/microgis.ch\/","name":"Microgis","description":"Solutions sur mesure","potentialAction":[{"@type":"SearchAction","target":{"@type":"EntryPoint","urlTemplate":"https:\/\/microgis.ch\/?s={search_term_string}"},"query-input":{"@type":"PropertyValueSpecification","valueRequired":true,"valueName":"search_term_string"}}],"inLanguage":"en-US"}]}},"_links":{"self":[{"href":"https:\/\/microgis.ch\/en\/wp-json\/wp\/v2\/pages\/874","targetHints":{"allow":["GET"]}}],"collection":[{"href":"https:\/\/microgis.ch\/en\/wp-json\/wp\/v2\/pages"}],"about":[{"href":"https:\/\/microgis.ch\/en\/wp-json\/wp\/v2\/types\/page"}],"author":[{"embeddable":true,"href":"https:\/\/microgis.ch\/en\/wp-json\/wp\/v2\/users\/1"}],"replies":[{"embeddable":true,"href":"https:\/\/microgis.ch\/en\/wp-json\/wp\/v2\/comments?post=874"}],"version-history":[{"count":8,"href":"https:\/\/microgis.ch\/en\/wp-json\/wp\/v2\/pages\/874\/revisions"}],"predecessor-version":[{"id":1222,"href":"https:\/\/microgis.ch\/en\/wp-json\/wp\/v2\/pages\/874\/revisions\/1222"}],"wp:attachment":[{"href":"https:\/\/microgis.ch\/en\/wp-json\/wp\/v2\/media?parent=874"}],"curies":[{"name":"wp","href":"https:\/\/api.w.org\/{rel}","templated":true}]}}